{"id":49,"date":"2025-02-09T19:44:24","date_gmt":"2025-02-09T19:44:24","guid":{"rendered":"http:\/\/arborlusitania1.redein.pt\/?page_id=49"},"modified":"2025-09-29T14:25:46","modified_gmt":"2025-09-29T14:25:46","slug":"sobre-nos","status":"publish","type":"page","link":"https:\/\/arborlusitania.com\/?page_id=49","title":{"rendered":"Sobre N\u00f3s"},"content":{"rendered":"<p>[et_pb_section fb_built=&#8221;1&#8243; admin_label=&#8221;Header&#8221; _builder_version=&#8221;4.23.2&#8243; _module_preset=&#8221;default&#8221; background_color=&#8221;gcid-fc7afca1-7302-4e55-829d-3d445387c282&#8243; locked=&#8221;off&#8221; collapsed=&#8221;on&#8221; global_colors_info=&#8221;{%22gcid-fc7afca1-7302-4e55-829d-3d445387c282%22:%91%22background_color%22%93}&#8221;][et_pb_row _builder_version=&#8221;4.23.2&#8243; _module_preset=&#8221;default&#8221; global_colors_info=&#8221;{}&#8221;][et_pb_column type=&#8221;4_4&#8243; _builder_version=&#8221;4.23.2&#8243; _module_preset=&#8221;default&#8221; global_colors_info=&#8221;{}&#8221;][et_pb_text _builder_version=&#8221;4.23.2&#8243; _module_preset=&#8221;c1952fa9-0092-4e81-a97e-5dc340aa6ff9&#8243; header_text_color=&#8221;gcid-3c3581c1-f373-4686-aa51-f9f01c8ffd79&#8243; global_colors_info=&#8221;{%22gcid-3c3581c1-f373-4686-aa51-f9f01c8ffd79%22:%91%22header_text_color%22%93}&#8221;]<\/p>\n<h1>Sobre N\u00f3s<\/h1>\n<p>[\/et_pb_text][\/et_pb_column][\/et_pb_row][et_pb_row column_structure=&#8221;1_2,1_2&#8243; use_custom_gutter=&#8221;on&#8221; gutter_width=&#8221;1&#8243; make_equal=&#8221;on&#8221; _builder_version=&#8221;4.27.4&#8243; _module_preset=&#8221;default&#8221; locked=&#8221;off&#8221; global_colors_info=&#8221;{}&#8221;][et_pb_column type=&#8221;1_2&#8243; _builder_version=&#8221;4.27.4&#8243; _module_preset=&#8221;default&#8221; background_color=&#8221;gcid-4b9eed5c-3d04-4887-bc15-8a2e9c2e3ea1&#8243; use_background_color_gradient=&#8221;on&#8221; background_color_gradient_stops=&#8221;rgba(44,42,39,0.2) 0%|rgba(44,42,39,0.2) 100%&#8221; background_color_gradient_overlays_image=&#8221;on&#8221; background_image=&#8221;http:\/\/arborlusitania.com\/wp-content\/uploads\/2025\/07\/RIMG0110.jpg&#8221; parallax=&#8221;on&#8221; border_width_all=&#8221;60px&#8221; border_color_all=&#8221;#e5e1df&#8221; border_width_all_tablet=&#8221;8vw&#8221; border_width_all_phone=&#8221;8vw&#8221; border_width_all_last_edited=&#8221;on|desktop&#8221; box_shadow_spread_tablet=&#8221;30px&#8221; box_shadow_spread_phone=&#8221;20px&#8221; box_shadow_spread_last_edited=&#8221;off|desktop&#8221; global_colors_info=&#8221;{%22gcid-4b9eed5c-3d04-4887-bc15-8a2e9c2e3ea1%22:%91%22background_color%22,%22box_shadow_color%22%93}&#8221;][et_pb_divider show_divider=&#8221;off&#8221; _builder_version=&#8221;4.27.4&#8243; _module_preset=&#8221;default&#8221; height_tablet=&#8221;70vw&#8221; height_phone=&#8221;50vw&#8221; height_last_edited=&#8221;on|tablet&#8221; global_colors_info=&#8221;{}&#8221;][\/et_pb_divider][\/et_pb_column][et_pb_column type=&#8221;1_2&#8243; _builder_version=&#8221;4.23.2&#8243; _module_preset=&#8221;default&#8221; background_color=&#8221;gcid-33ba488a-a977-4fcb-9562-ca062f22498f&#8221; custom_padding=&#8221;200px|95px|200px|95px|true|true&#8221; custom_padding_tablet=&#8221;10vw|10vw|10vw|10vw|true|true&#8221; custom_padding_phone=&#8221;||||false|false&#8221; custom_padding_last_edited=&#8221;on|tablet&#8221; mix_blend_mode=&#8221;multiply&#8221; global_colors_info=&#8221;{%22gcid-33ba488a-a977-4fcb-9562-ca062f22498f%22:%91%22background_color%22,%22background_color%22,%22background_color%22,%22background_color%22,%22background_color%22%93}&#8221;][et_pb_divider show_divider=&#8221;off&#8221; _builder_version=&#8221;4.23.2&#8243; _module_preset=&#8221;default&#8221; positioning=&#8221;absolute&#8221; width=&#8221;230px&#8221; width_tablet=&#8221;30%&#8221; width_phone=&#8221;30%&#8221; width_last_edited=&#8221;on|tablet&#8221; height=&#8221;230px&#8221; height_tablet=&#8221;40%&#8221; height_phone=&#8221;auto&#8221; height_last_edited=&#8221;on|phone&#8221; custom_margin=&#8221;170px|||60px|false|false&#8221; custom_margin_tablet=&#8221;5vw|||5vw|false|false&#8221; custom_margin_phone=&#8221;||||false|false&#8221; custom_margin_last_edited=&#8221;on|tablet&#8221; border_color_all=&#8221;rgba(255,255,255,0.4)&#8221; border_width_top=&#8221;1px&#8221; border_width_left=&#8221;1px&#8221; global_colors_info=&#8221;{}&#8221;][\/et_pb_divider][et_pb_text _builder_version=&#8221;4.23.2&#8243; _module_preset=&#8221;62f3d116-6a82-49b8-9c17-742485d077fc&#8221; header_2_text_color=&#8221;#FFFFFF&#8221; custom_margin=&#8221;||10px||false|false&#8221; locked=&#8221;off&#8221; global_colors_info=&#8221;{}&#8221;]<\/p>\n<h2>Since 2010<\/h2>\n<p>[\/et_pb_text][et_pb_text _builder_version=&#8221;4.23.2&#8243; _module_preset=&#8221;514ed303-f5ef-4b38-bd45-84f1bdf2a3b9&#8243; text_text_color=&#8221;rgba(255,255,255,0.7)&#8221;]<\/p>\n<p class=\"p1\">A Arborlusitania \u00e9 actualmente uma empresa especializada na produ\u00e7\u00e3o de \u00e1rvores de alinhamento, que disponibiliza tamb\u00e9m uma grande variedade de arbustos, arom\u00e1ticas, herb\u00e1ceas, palm\u00e1ceas, fruteiras, etc; sendo que todas estas plantas s\u00e3o produzidas seguindo os mais altos padr\u00f5es de qualidade de mercado.<\/p>\n<p class=\"p1\">A filosofia da empresa assenta no princ\u00edpio de \u2018Produzir mais e melhor\u2019, de modo a evitar a importa\u00e7\u00e3o elevada neste sector, mostrando que as empresas portuguesas sabem n\u00e3o s\u00f3 produzir e ter bns produtos como produzir e ter produtos capazes de competir internacionalmente.<\/p>\n<p>[\/et_pb_text][\/et_pb_column][\/et_pb_row][\/et_pb_section][et_pb_section fb_built=&#8221;1&#8243; admin_label=&#8221;Video&#8221; _builder_version=&#8221;4.23.2&#8243; _module_preset=&#8221;default&#8221; background_color=&#8221;gcid-fc7afca1-7302-4e55-829d-3d445387c282&#8243; custom_padding=&#8221;0px|||||&#8221; collapsed=&#8221;on&#8221; global_colors_info=&#8221;{%22gcid-fc7afca1-7302-4e55-829d-3d445387c282%22:%91%22background_color%22%93}&#8221;][et_pb_row column_structure=&#8221;1_2,1_2&#8243; _builder_version=&#8221;4.23.2&#8243; _module_preset=&#8221;default&#8221; global_colors_info=&#8221;{}&#8221;][et_pb_column type=&#8221;1_2&#8243; _builder_version=&#8221;4.23.2&#8243; _module_preset=&#8221;default&#8221; global_colors_info=&#8221;{}&#8221;][et_pb_text _builder_version=&#8221;4.27.4&#8243; _module_preset=&#8221;62f3d116-6a82-49b8-9c17-742485d077fc&#8221; header_2_text_color=&#8221;gcid-3c3581c1-f373-4686-aa51-f9f01c8ffd79&#8243; custom_margin=&#8221;||10px||false|false&#8221; global_colors_info=&#8221;{%22gcid-3c3581c1-f373-4686-aa51-f9f01c8ffd79%22:%91%22header_2_text_color%22%93}&#8221;]<\/p>\n<h2>\u00c9 UM NOME COM ORIGEM NO LATIM QUE SIGNIFICA \u201c\u00c1RVORES DE PORTUGAL\u201d<br \/>\n<\/h2>\n<p>[\/et_pb_text][\/et_pb_column][et_pb_column type=&#8221;1_2&#8243; _builder_version=&#8221;4.23.2&#8243; _module_preset=&#8221;default&#8221; global_colors_info=&#8221;{}&#8221;][et_pb_text _builder_version=&#8221;4.23.2&#8243; _module_preset=&#8221;514ed303-f5ef-4b38-bd45-84f1bdf2a3b9&#8243; text_text_color=&#8221;gcid-75f8feef-8e89-48de-a593-3e169dc48f01&#8243; global_colors_info=&#8221;{%22gcid-75f8feef-8e89-48de-a593-3e169dc48f01%22:%91%22text_text_color%22%93}&#8221;]<\/p>\n<p style=\"text-align: justify;\"><span>A estrat\u00e9gica situa\u00e7\u00e3o geogr\u00e1fica dos nossos viveiros, localizados junto \u00e0 bacia hidrogr\u00e1fica do rio Ceira que apresenta condi\u00e7\u00f5es edafoclim\u00e1ticas excelentes e \u00fanicas para a produ\u00e7\u00e3o de \u00e1rvores de elevada qualidade, aliadas \u00e0 experi\u00eancia adquirida ao longo das \u00faltimas d\u00e9cadas e ao forte empenho de toda uma equipa, permitem-nos afirmar que hoje a Arborlusitania \u00e9 j\u00e1 uma refer\u00eancia a n\u00edvel nacional nomeadamente no seio dos munic\u00edpios, dos melhores centros de jardinagem nacionais e das grandes construtoras de obras p\u00fablicas e espa\u00e7os verdes.<\/span><\/p>\n<p>[\/et_pb_text][\/et_pb_column][\/et_pb_row][et_pb_row _builder_version=&#8221;4.27.4&#8243; _module_preset=&#8221;default&#8221; global_colors_info=&#8221;{}&#8221;][et_pb_column type=&#8221;4_4&#8243; _builder_version=&#8221;4.27.4&#8243; _module_preset=&#8221;default&#8221; global_colors_info=&#8221;{}&#8221;][et_pb_text _builder_version=&#8221;4.23.2&#8243; _module_preset=&#8221;514ed303-f5ef-4b38-bd45-84f1bdf2a3b9&#8243; text_text_color=&#8221;gcid-75f8feef-8e89-48de-a593-3e169dc48f01&#8243; global_colors_info=&#8221;{%22gcid-75f8feef-8e89-48de-a593-3e169dc48f01%22:%91%22text_text_color%22%93}&#8221;]<\/p>\n<p style=\"text-align: justify;\"><span>A constante adapta\u00e7\u00e3o \u00e0s solicita\u00e7\u00f5es do mercado e os cont\u00ednuos investimentos realizados, permitem-nos deter actualmente uma superf\u00edcie total aproximada de 180 hectares (1.800.000 m}), distribu\u00eddos por terreno de planta\u00e7\u00e3o, terreno de sombreamento para plantas envasadas e zona de estufas aquecidas, facto que nos torna os detentores do maior stock de \u00e1rvores dispon\u00edvel em Portugal para entrega imediata.<\/span><\/p>\n<p style=\"text-align: justify;\"><span>A larga experi\u00eancia adquirida e o profissionalismo da nossa equipa permite-nos aconselhar e por \u00e0 disposi\u00e7\u00e3o uma ampla selec\u00e7\u00e3o de esp\u00e9cies fundamentais: \u00e1rvores de folha caduca, persistente, florestais, arom\u00e1ticas, arbustos, herb\u00e1ceas, sendo que todas elas s\u00e3o de produ\u00e7\u00e3o pr\u00f3pria, convidando todos quantos desejarem a visitar as nossas instala\u00e7\u00f5es, onde receber\u00e3o um tratamento profissionalizado por parte dos nossos t\u00e9cnicos que lhe ir\u00e3o proporcionar uma assessoria personalizada tendo em vista as suas necessidades.<\/span><\/p>\n<p>[\/et_pb_text][\/et_pb_column][\/et_pb_row][\/et_pb_section][et_pb_section fb_built=&#8221;1&#8243; admin_label=&#8221;Footer&#8221; module_id=&#8221;contactos&#8221; _builder_version=&#8221;4.27.4&#8243; _module_preset=&#8221;default&#8221; background_color=&#8221;gcid-fc7afca1-7302-4e55-829d-3d445387c282&#8243; custom_padding=&#8221;0px|||||&#8221; saved_tabs=&#8221;all&#8221; collapsed=&#8221;on&#8221; global_colors_info=&#8221;{%22gcid-fc7afca1-7302-4e55-829d-3d445387c282%22:%91%22background_color%22%93}&#8221; theme_builder_area=&#8221;post_content&#8221;][et_pb_row column_structure=&#8221;1_3,1_3,1_3&#8243; _builder_version=&#8221;4.23.2&#8243; _module_preset=&#8221;default&#8221; custom_padding=&#8221;||0px|||&#8221; global_colors_info=&#8221;{}&#8221; theme_builder_area=&#8221;post_content&#8221;][et_pb_column type=&#8221;1_3&#8243; _builder_version=&#8221;4.23.2&#8243; _module_preset=&#8221;default&#8221; global_colors_info=&#8221;{}&#8221; theme_builder_area=&#8221;post_content&#8221;][et_pb_image src=&#8221;http:\/\/arborlusitania.com\/wp-content\/uploads\/2025\/07\/logo-arbor.png&#8221; title_text=&#8221;logo arbor&#8221; _builder_version=&#8221;4.27.4&#8243; _module_preset=&#8221;default&#8221; global_colors_info=&#8221;{}&#8221; theme_builder_area=&#8221;post_content&#8221;][\/et_pb_image][\/et_pb_column][et_pb_column type=&#8221;1_3&#8243; _builder_version=&#8221;4.23.2&#8243; _module_preset=&#8221;default&#8221; global_colors_info=&#8221;{}&#8221; theme_builder_area=&#8221;post_content&#8221;][\/et_pb_column][et_pb_column type=&#8221;1_3&#8243; _builder_version=&#8221;4.23.2&#8243; _module_preset=&#8221;default&#8221; global_colors_info=&#8221;{}&#8221; theme_builder_area=&#8221;post_content&#8221;][\/et_pb_column][\/et_pb_row][et_pb_row column_structure=&#8221;1_3,1_3,1_3&#8243; _builder_version=&#8221;4.23.2&#8243; _module_preset=&#8221;default&#8221; global_colors_info=&#8221;{}&#8221; theme_builder_area=&#8221;post_content&#8221;][et_pb_column type=&#8221;1_3&#8243; _builder_version=&#8221;4.23.2&#8243; _module_preset=&#8221;default&#8221; global_colors_info=&#8221;{}&#8221; theme_builder_area=&#8221;post_content&#8221;][et_pb_text _builder_version=&#8221;4.27.4&#8243; _module_preset=&#8221;11fc04f0-9683-4746-84f3-9fabac5fa42a&#8221; header_5_text_color=&#8221;gcid-3c3581c1-f373-4686-aa51-f9f01c8ffd79&#8243; custom_margin=&#8221;||10px||false|false&#8221; global_colors_info=&#8221;{%22gcid-3c3581c1-f373-4686-aa51-f9f01c8ffd79%22:%91%22header_5_text_color%22%93}&#8221; theme_builder_area=&#8221;post_content&#8221;]<\/p>\n<h5>Sede: Arborlusitania<\/h5>\n<p>[\/et_pb_text][et_pb_text _builder_version=&#8221;4.27.4&#8243; _module_preset=&#8221;bb10af09-5774-4f86-96bf-09c355f0677f&#8221; text_text_color=&#8221;gcid-75f8feef-8e89-48de-a593-3e169dc48f01&#8243; global_colors_info=&#8221;{%22gcid-75f8feef-8e89-48de-a593-3e169dc48f01%22:%91%22text_text_color%22%93}&#8221; theme_builder_area=&#8221;post_content&#8221;]<\/p>\n<p><span>Rua Ribeira da Moita, Ed. N\u00ba2A<br \/><\/span><span style=\"font-size: 16px;\">3200-010 Casal do Ermio<br \/><\/span><span>Lous\u00e3, Portugal<\/span><\/p>\n<p class=\"p1\"><strong><span class=\"s1\">geral@arborlusitania.com<\/span><\/strong><\/p>\n<p><span><\/span><\/p>\n<p>[\/et_pb_text][et_pb_social_media_follow _builder_version=&#8221;4.27.4&#8243; _module_preset=&#8221;default&#8221; border_radii=&#8221;on|100px|100px|100px|100px&#8221; global_colors_info=&#8221;{}&#8221; theme_builder_area=&#8221;post_content&#8221;][et_pb_social_media_follow_network social_network=&#8221;facebook&#8221; url=&#8221;https:\/\/www.facebook.com\/arborlusitania&#8221; _builder_version=&#8221;4.27.4&#8243; _module_preset=&#8221;default&#8221; background_color=&#8221;gcid-3c3581c1-f373-4686-aa51-f9f01c8ffd79&#8243; background_enable_color=&#8221;on&#8221; custom_padding=&#8221;4px|4px|4px|4px|true|true&#8221; global_colors_info=&#8221;{%22gcid-3c3581c1-f373-4686-aa51-f9f01c8ffd79%22:%91%22background_color%22%93}&#8221; theme_builder_area=&#8221;post_content&#8221; follow_button=&#8221;off&#8221; url_new_window=&#8221;on&#8221;]facebook[\/et_pb_social_media_follow_network][et_pb_social_media_follow_network social_network=&#8221;google&#8221; url=&#8221;https:\/\/share.google\/QYsi9VP24eFVSFUtw&#8221; use_icon_font_size=&#8221;on&#8221; icon_font_size=&#8221;20px&#8221; _builder_version=&#8221;4.27.4&#8243; _module_preset=&#8221;default&#8221; background_color=&#8221;#4285f4&#8243; global_colors_info=&#8221;{}&#8221; theme_builder_area=&#8221;post_content&#8221; follow_button=&#8221;off&#8221; url_new_window=&#8221;on&#8221;]google[\/et_pb_social_media_follow_network][\/et_pb_social_media_follow][\/et_pb_column][et_pb_column type=&#8221;1_3&#8243; _builder_version=&#8221;4.23.2&#8243; _module_preset=&#8221;default&#8221; global_colors_info=&#8221;{}&#8221; theme_builder_area=&#8221;post_content&#8221;][et_pb_text _builder_version=&#8221;4.27.4&#8243; _module_preset=&#8221;11fc04f0-9683-4746-84f3-9fabac5fa42a&#8221; header_5_text_color=&#8221;gcid-3c3581c1-f373-4686-aa51-f9f01c8ffd79&#8243; custom_margin=&#8221;||10px||false|false&#8221; locked=&#8221;off&#8221; global_colors_info=&#8221;{%22gcid-3c3581c1-f373-4686-aa51-f9f01c8ffd79%22:%91%22header_5_text_color%22%93}&#8221; theme_builder_area=&#8221;post_content&#8221;]<\/p>\n<h5>Contactos<\/h5>\n<p>[\/et_pb_text][et_pb_text _builder_version=&#8221;4.27.4&#8243; _module_preset=&#8221;3e4bfb36-9e26-4ed8-bc0a-c1b598c7de53&#8243; header_3_text_color=&#8221;gcid-3c3581c1-f373-4686-aa51-f9f01c8ffd79&#8243; global_colors_info=&#8221;{%22gcid-3c3581c1-f373-4686-aa51-f9f01c8ffd79%22:%91%22header_3_text_color%22%93}&#8221; theme_builder_area=&#8221;post_content&#8221;]<\/p>\n<h3><span>(+351) 964 327 031<\/span><\/h3>\n<p><span>Custo de chamada para a rede m\u00f3vel nacional<\/span><\/p>\n<p><span><\/span><\/p>\n<p>[\/et_pb_text][et_pb_button button_text=&#8221;Fale connosco&#8221; button_alignment=&#8221;center&#8221; _builder_version=&#8221;4.27.4&#8243; _module_preset=&#8221;fa74c6b2-25d7-4c95-9663-5fa0952aa869&#8243; button_border_color=&#8221;gcid-fc7afca1-7302-4e55-829d-3d445387c282&#8243; global_colors_info=&#8221;{%22gcid-33ba488a-a977-4fcb-9562-ca062f22498f%22:%91%22button_bg_color%22,%22button_bg_color%22%93,%22gcid-fc7afca1-7302-4e55-829d-3d445387c282%22:%91%22button_border_color%22%93}&#8221; theme_builder_area=&#8221;post_content&#8221;][\/et_pb_button][et_pb_text _builder_version=&#8221;4.27.4&#8243; _module_preset=&#8221;bb10af09-5774-4f86-96bf-09c355f0677f&#8221; text_text_color=&#8221;gcid-75f8feef-8e89-48de-a593-3e169dc48f01&#8243; locked=&#8221;off&#8221; global_colors_info=&#8221;{%22gcid-75f8feef-8e89-48de-a593-3e169dc48f01%22:%91%22text_text_color%22%93}&#8221; theme_builder_area=&#8221;post_content&#8221;][\/et_pb_text][\/et_pb_column][et_pb_column type=&#8221;1_3&#8243; _builder_version=&#8221;4.27.4&#8243; _module_preset=&#8221;default&#8221; global_colors_info=&#8221;{}&#8221; theme_builder_area=&#8221;post_content&#8221;][et_pb_text _builder_version=&#8221;4.27.4&#8243; _module_preset=&#8221;11fc04f0-9683-4746-84f3-9fabac5fa42a&#8221; header_5_text_color=&#8221;gcid-3c3581c1-f373-4686-aa51-f9f01c8ffd79&#8243; custom_margin=&#8221;||10px||false|false&#8221; locked=&#8221;off&#8221; global_colors_info=&#8221;{%22gcid-3c3581c1-f373-4686-aa51-f9f01c8ffd79%22:%91%22header_5_text_color%22%93}&#8221; theme_builder_area=&#8221;post_content&#8221;]<\/p>\n<h5>Venda ao P\u00fablico<\/h5>\n<p>[\/et_pb_text][et_pb_text _builder_version=&#8221;4.27.4&#8243; _module_preset=&#8221;bb10af09-5774-4f86-96bf-09c355f0677f&#8221; text_text_color=&#8221;gcid-75f8feef-8e89-48de-a593-3e169dc48f01&#8243; custom_margin=&#8221;||0px||false|false&#8221; locked=&#8221;off&#8221; global_colors_info=&#8221;{%22gcid-75f8feef-8e89-48de-a593-3e169dc48f01%22:%91%22text_text_color%22%93}&#8221; theme_builder_area=&#8221;post_content&#8221;]<\/p>\n<p>Estrada Nacional 111-1<br \/>Campo do Bol\u00e3o<br \/>3025-300 Coimbra<\/p>\n<p>(+351) 964 327 033<\/p>\n<p>(+351) 964 327 038<\/p>\n<p>[\/et_pb_text][\/et_pb_column][\/et_pb_row][et_pb_row _builder_version=&#8221;4.23.2&#8243; _module_preset=&#8221;default&#8221; global_colors_info=&#8221;{}&#8221; theme_builder_area=&#8221;post_content&#8221;][et_pb_column type=&#8221;4_4&#8243; _builder_version=&#8221;4.23.2&#8243; _module_preset=&#8221;default&#8221; global_colors_info=&#8221;{}&#8221; theme_builder_area=&#8221;post_content&#8221;][et_pb_text _builder_version=&#8221;4.27.4&#8243; _dynamic_attributes=&#8221;content&#8221; _module_preset=&#8221;bb10af09-5774-4f86-96bf-09c355f0677f&#8221; text_text_color=&#8221;gcid-75f8feef-8e89-48de-a593-3e169dc48f01&#8243; text_orientation=&#8221;center&#8221; global_colors_info=&#8221;{%22gcid-75f8feef-8e89-48de-a593-3e169dc48f01%22:%91%22text_text_color%22%93}&#8221; theme_builder_area=&#8221;post_content&#8221;]@ET-DC@eyJkeW5hbWljIjp0cnVlLCJjb250ZW50IjoiY3VycmVudF9kYXRlIiwic2V0dGluZ3MiOnsiYmVmb3JlIjoiQ29weXJpZ2h0ICZjb3B5OyAiLCJhZnRlciI6IiBBcmJvcmx1c2l0YW5pYS4gQWxsIFJpZ2h0cyBSZXNlcnZlZC4iLCJkYXRlX2Zvcm1hdCI6ImN1c3RvbSIsImN1c3RvbV9kYXRlX2Zvcm1hdCI6IlkifX0=@[\/et_pb_text][\/et_pb_column][\/et_pb_row][\/et_pb_section]<\/p>\n","protected":false},"excerpt":{"rendered":"<p>Sobre N\u00f3sSince 2010A Arborlusitania \u00e9 actualmente uma empresa especializada na produ\u00e7\u00e3o de \u00e1rvores de alinhamento, que disponibiliza tamb\u00e9m uma grande variedade de arbustos, arom\u00e1ticas, herb\u00e1ceas, palm\u00e1ceas, fruteiras, etc; sendo que todas estas plantas s\u00e3o produzidas seguindo os mais altos padr\u00f5es de qualidade de mercado. A filosofia da empresa assenta no princ\u00edpio de \u2018Produzir mais e [&hellip;]<\/p>\n","protected":false},"author":1,"featured_media":0,"parent":0,"menu_order":0,"comment_status":"closed","ping_status":"closed","template":"","meta":{"_et_pb_use_builder":"on","_et_pb_old_content":"","_et_gb_content_width":"","footnotes":""},"class_list":["post-49","page","type-page","status-publish","hentry"],"_links":{"self":[{"href":"https:\/\/arborlusitania.com\/index.php?rest_route=\/wp\/v2\/pages\/49","targetHints":{"allow":["GET"]}}],"collection":[{"href":"https:\/\/arborlusitania.com\/index.php?rest_route=\/wp\/v2\/pages"}],"about":[{"href":"https:\/\/arborlusitania.com\/index.php?rest_route=\/wp\/v2\/types\/page"}],"author":[{"embeddable":true,"href":"https:\/\/arborlusitania.com\/index.php?rest_route=\/wp\/v2\/users\/1"}],"replies":[{"embeddable":true,"href":"https:\/\/arborlusitania.com\/index.php?rest_route=%2Fwp%2Fv2%2Fcomments&post=49"}],"version-history":[{"count":11,"href":"https:\/\/arborlusitania.com\/index.php?rest_route=\/wp\/v2\/pages\/49\/revisions"}],"predecessor-version":[{"id":197,"href":"https:\/\/arborlusitania.com\/index.php?rest_route=\/wp\/v2\/pages\/49\/revisions\/197"}],"wp:attachment":[{"href":"https:\/\/arborlusitania.com\/index.php?rest_route=%2Fwp%2Fv2%2Fmedia&parent=49"}],"curies":[{"name":"wp","href":"https:\/\/api.w.org\/{rel}","templated":true}]}}